{"id":5663,"date":"2024-03-18T17:46:45","date_gmt":"2024-03-18T14:46:45","guid":{"rendered":"https:\/\/www.volumenzeit.com\/?post_type=product&#038;p=5663"},"modified":"2025-12-03T10:58:36","modified_gmt":"2025-12-03T07:58:36","slug":"dancing-pink-milanese-strap","status":"publish","type":"product","link":"https:\/\/www.volumenzeit.com\/de\/product\/dancing-pink-milanese-strap\/","title":{"rendered":"Dancing Pink Milanese Strap"},"content":{"rendered":"<p>&nbsp;<\/p>\n<p>&nbsp;<\/p>\n<p style=\"font-size: 14px;\">Dieses Milanaise-Armband aus 316L-Edelstahl besitzt einen lebendigen Farbverlauf, der sanft zwischen Rosa-, Gold- und Blaut\u00f6nen wechselt.<br \/>\nDer irisierende Look verleiht dem fein gewebten Mesh eine kunstvolle, aufmerksamkeitsstarke Wirkung aus jedem Blickwinkel.<\/p>\n<p>&nbsp;<\/p>\n<p style=\"font-size: 14px;\">Die magnetische Schlie\u00dfe erm\u00f6glicht eine pr\u00e4zise, m\u00fchelose Anpassung und eignet sich hervorragend f\u00fcr komplette Gravurpersonalisierung.<br \/>\nAuch das Mesh-Gewebe erlaubt limitierte Gravuren, abh\u00e4ngig von Bereich und Motiv \u2013 bitte beachten Sie hierzu unsere Gravur-Richtlinien.<\/p>\n<p>&nbsp;<\/p>\n<p>*Length is indicated when mounted on the watch<\/p>","protected":false},"excerpt":{"rendered":"<p>&nbsp; &nbsp; Made from high-quality 316L stainless steel, this Milanese strap features a luminous gradient that shifts between pink, violet, gold, and blue, creating a captivating iridescent effect. The color transitions give the mesh a dynamic, almost holographic character, making the strap a statement piece from every angle. &nbsp; The magnetic clasp allows full engraving [&hellip;]<\/p>\n","protected":false},"featured_media":8672,"template":"","meta":{"_acf_changed":false,"_mo_disable_npp":""},"product_brand":[],"product_cat":[17],"product_tag":[],"class_list":{"0":"post-5663","1":"product","2":"type-product","3":"status-publish","4":"has-post-thumbnail","6":"product_cat-accessories","8":"first","9":"instock","10":"taxable","11":"shipping-taxable","12":"purchasable","13":"product-type-simple"},"acf":[],"_links":{"self":[{"href":"https:\/\/www.volumenzeit.com\/de\/wp-json\/wp\/v2\/product\/5663","targetHints":{"allow":["GET"]}}],"collection":[{"href":"https:\/\/www.volumenzeit.com\/de\/wp-json\/wp\/v2\/product"}],"about":[{"href":"https:\/\/www.volumenzeit.com\/de\/wp-json\/wp\/v2\/types\/product"}],"wp:featuredmedia":[{"embeddable":true,"href":"https:\/\/www.volumenzeit.com\/de\/wp-json\/wp\/v2\/media\/8672"}],"wp:attachment":[{"href":"https:\/\/www.volumenzeit.com\/de\/wp-json\/wp\/v2\/media?parent=5663"}],"wp:term":[{"taxonomy":"product_brand","embeddable":true,"href":"https:\/\/www.volumenzeit.com\/de\/wp-json\/wp\/v2\/product_brand?post=5663"},{"taxonomy":"product_cat","embeddable":true,"href":"https:\/\/www.volumenzeit.com\/de\/wp-json\/wp\/v2\/product_cat?post=5663"},{"taxonomy":"product_tag","embeddable":true,"href":"https:\/\/www.volumenzeit.com\/de\/wp-json\/wp\/v2\/product_tag?post=5663"}],"curies":[{"name":"wp","href":"https:\/\/api.w.org\/{rel}","templated":true}]}}