{"id":5662,"date":"2024-03-18T17:46:45","date_gmt":"2024-03-18T14:46:45","guid":{"rendered":"https:\/\/www.volumenzeit.com\/?post_type=product&#038;p=5662"},"modified":"2025-12-03T10:56:53","modified_gmt":"2025-12-03T07:56:53","slug":"stormy-blue-milanese-strap","status":"publish","type":"product","link":"https:\/\/www.volumenzeit.com\/de\/product\/stormy-blue-milanese-strap\/","title":{"rendered":"Stormy Blue Milanese Strap"},"content":{"rendered":"<p>&nbsp;<\/p>\n<p>&nbsp;<\/p>\n<p style=\"font-size: 14px;\">Dieses Milanaise-Armband aus 316L-Edelstahl zeichnet sich durch einen tiefen, sturmblauen Farbton aus, inspiriert von Meeresreflexen und Abendhimmel.<br \/>\nDie Farbe verleiht dem Mesh eine k\u00fchle, technisch klare Ausstrahlung, bleibt jedoch vielseitig genug f\u00fcr den t\u00e4glichen Gebrauch.<\/p>\n<p>&nbsp;<\/p>\n<p style=\"font-size: 14px;\">Dank der magnetischen Schlie\u00dfe l\u00e4sst sich das Armband schnell, intuitiv und passgenau einstellen.<br \/>\nDie Schlie\u00dfe kann voll personalisiert graviert werden, w\u00e4hrend bestimmte Mesh-Bereiche eingeschr\u00e4nkte Gravurm\u00f6glichkeiten bieten \u2013 Details finden Sie in unseren Gravur-Richtlinien.<\/p>\n<p>&nbsp;<\/p>\n<p>*Die L\u00e4nge wird im befestigten Zustand an der Uhr gemessen<\/p>","protected":false},"excerpt":{"rendered":"<p>&nbsp; &nbsp; Forged from durable 316L stainless steel, this stormy-blue Milanese strap features a deep, moody blue tone inspired by ocean shadows and evening sky reflections. The color enhances the mesh with a cool, technical edge while remaining highly versatile for everyday wear. &nbsp; A secure magnetic clasp enables effortless adjustment, and is ideal for [&hellip;]<\/p>\n","protected":false},"featured_media":8670,"template":"","meta":{"_acf_changed":false,"_mo_disable_npp":""},"product_brand":[],"product_cat":[17],"product_tag":[],"class_list":{"0":"post-5662","1":"product","2":"type-product","3":"status-publish","4":"has-post-thumbnail","6":"product_cat-accessories","8":"first","9":"instock","10":"taxable","11":"shipping-taxable","12":"purchasable","13":"product-type-simple"},"acf":[],"_links":{"self":[{"href":"https:\/\/www.volumenzeit.com\/de\/wp-json\/wp\/v2\/product\/5662","targetHints":{"allow":["GET"]}}],"collection":[{"href":"https:\/\/www.volumenzeit.com\/de\/wp-json\/wp\/v2\/product"}],"about":[{"href":"https:\/\/www.volumenzeit.com\/de\/wp-json\/wp\/v2\/types\/product"}],"wp:featuredmedia":[{"embeddable":true,"href":"https:\/\/www.volumenzeit.com\/de\/wp-json\/wp\/v2\/media\/8670"}],"wp:attachment":[{"href":"https:\/\/www.volumenzeit.com\/de\/wp-json\/wp\/v2\/media?parent=5662"}],"wp:term":[{"taxonomy":"product_brand","embeddable":true,"href":"https:\/\/www.volumenzeit.com\/de\/wp-json\/wp\/v2\/product_brand?post=5662"},{"taxonomy":"product_cat","embeddable":true,"href":"https:\/\/www.volumenzeit.com\/de\/wp-json\/wp\/v2\/product_cat?post=5662"},{"taxonomy":"product_tag","embeddable":true,"href":"https:\/\/www.volumenzeit.com\/de\/wp-json\/wp\/v2\/product_tag?post=5662"}],"curies":[{"name":"wp","href":"https:\/\/api.w.org\/{rel}","templated":true}]}}