{"id":5051,"date":"2024-03-18T17:29:15","date_gmt":"2024-03-18T14:29:15","guid":{"rendered":"https:\/\/www.volumenzeit.com\/?post_type=product&#038;p=5051"},"modified":"2025-12-11T12:37:22","modified_gmt":"2025-12-11T09:37:22","slug":"urban-eagle-pendant","status":"publish","type":"product","link":"https:\/\/www.volumenzeit.com\/de\/product\/urban-eagle-pendant\/","title":{"rendered":"Urban Eagle-Anh\u00e4nger"},"content":{"rendered":"<p>&nbsp;<\/p>\n<p>&nbsp;<\/p>\n<p style=\"font-size: 14px;\">Inspiriert von der dreidimensionalen Geometrie des Urban-Eagle-Zifferblatts \u00fcbertr\u00e4gt dieser Anh\u00e4nger dessen architektonische Designsprache in eine markante, skulpturale Form.<\/p>\n<p style=\"font-size: 14px;\">Zahlreiche erhabene Bl\u00f6cke, klare Kanten und gestufte Ebenen erzeugen den Eindruck einer kleinen, aus massivem Silber geformten Stadtlandschaft. Jede Fl\u00e4che f\u00e4ngt das Licht anders ein und verleiht dem St\u00fcck eine dynamische, moderne Ausstrahlung.<\/p>\n<p>&nbsp;<\/p>\n<p style=\"font-size: 14px;\">Gefertigt aus 925er Sterling-Silber wird der Anh\u00e4nger zun\u00e4chst gegossen und anschlie\u00dfend einzeln von Hand veredelt, um die pr\u00e4zise Geometrie zu erhalten. Aufgrund der feinen Schichtungen und \u00fcberlappenden Formen erfordert jedes St\u00fcck sorgf\u00e4ltige Nachbearbeitung \u2013 so bleiben die scharfen Konturen und klaren Reflexe erhalten, die den Urban-Eagle-Stil ausmachen.<\/p>\n<p>&nbsp;<\/p>\n<p style=\"font-size: 14px;\">Das Ergebnis ist ein ausdrucksstarkes, strukturiertes Schmuckst\u00fcck mit sp\u00fcrbarem Gewicht und Pr\u00e4senz. Die kompakte, vertikale Silhouette passt sowohl zu legeren als auch zu eleganten Outfits und wirkt dennoch wie eine kleine tragbare Skulptur. Aus jedem Blickwinkel entsteht ein neues Spiel aus Licht, Schatten und Tiefe, das die Komplexit\u00e4t des gleichnamigen Zifferblatts widerspiegelt.<\/p>\n<p>&nbsp;<\/p>\n<p style=\"font-size: 14px;\">Die rhodinierte Sterling-Silber-Kette sorgt f\u00fcr Langlebigkeit und einen dauerhaft hellen Glanz. Gemeinsam bringen Anh\u00e4nger und Kette die technische Pr\u00e4zision des Zeitmessers in eine elegante, tragbare Skulptur.<\/p>\n<p>&nbsp;<\/p>\n<p style=\"font-size: 14px;\">Der Anh\u00e4nger ist bewusst darauf ausgelegt, harmonisch mit der Uhr zu interagieren. Er tr\u00e4gt dieselbe urban inspirierte Formsprache und erg\u00e4nzt das Zeitmessger\u00e4t zu einem stimmigen Set f\u00fcr alle, die m\u00f6chten, dass Schmuck und Uhr eine gemeinsame Designidentit\u00e4t ausdr\u00fccken.<\/p>","protected":false},"excerpt":{"rendered":"<p>&nbsp; &nbsp; Inspired by the three-dimensional geometry of the Urban Eagle watch dial, this pendant translates its architectural language into a striking sculptural form. Dozens of raised blocks, sharp intersections, and stepped planes create the impression of a miniature cityscape carved from solid silver. The design catches light on every surface, giving the piece a [&hellip;]<\/p>\n","protected":false},"featured_media":8644,"template":"","meta":{"_acf_changed":false,"_mo_disable_npp":""},"product_brand":[],"product_cat":[18],"product_tag":[],"class_list":{"0":"post-5051","1":"product","2":"type-product","3":"status-publish","4":"has-post-thumbnail","6":"product_cat-jewelry","8":"first","9":"instock","10":"taxable","11":"shipping-taxable","12":"purchasable","13":"product-type-simple"},"acf":[],"_links":{"self":[{"href":"https:\/\/www.volumenzeit.com\/de\/wp-json\/wp\/v2\/product\/5051","targetHints":{"allow":["GET"]}}],"collection":[{"href":"https:\/\/www.volumenzeit.com\/de\/wp-json\/wp\/v2\/product"}],"about":[{"href":"https:\/\/www.volumenzeit.com\/de\/wp-json\/wp\/v2\/types\/product"}],"wp:featuredmedia":[{"embeddable":true,"href":"https:\/\/www.volumenzeit.com\/de\/wp-json\/wp\/v2\/media\/8644"}],"wp:attachment":[{"href":"https:\/\/www.volumenzeit.com\/de\/wp-json\/wp\/v2\/media?parent=5051"}],"wp:term":[{"taxonomy":"product_brand","embeddable":true,"href":"https:\/\/www.volumenzeit.com\/de\/wp-json\/wp\/v2\/product_brand?post=5051"},{"taxonomy":"product_cat","embeddable":true,"href":"https:\/\/www.volumenzeit.com\/de\/wp-json\/wp\/v2\/product_cat?post=5051"},{"taxonomy":"product_tag","embeddable":true,"href":"https:\/\/www.volumenzeit.com\/de\/wp-json\/wp\/v2\/product_tag?post=5051"}],"curies":[{"name":"wp","href":"https:\/\/api.w.org\/{rel}","templated":true}]}}