{"id":5021,"date":"2024-03-18T17:29:08","date_gmt":"2024-03-18T14:29:08","guid":{"rendered":"https:\/\/www.volumenzeit.com\/?post_type=product&#038;p=5021"},"modified":"2025-12-11T12:37:01","modified_gmt":"2025-12-11T09:37:01","slug":"heart-song-pendant","status":"publish","type":"product","link":"https:\/\/www.volumenzeit.com\/de\/product\/heart-song-pendant\/","title":{"rendered":"Heart Song-Anh\u00e4nger"},"content":{"rendered":"<p>&nbsp;<\/p>\n<p>&nbsp;<\/p>\n<p style=\"font-size: 14px;\">Inspiriert von der poetischen dreidimensionalen Typografie des Heart Song-Zifferblatts \u00fcbersetzt dieser Anh\u00e4nger seine skulpturale Designsprache in ein hochwertiges Schmuckst\u00fcck. Dutzende erhabene Buchstaben in verschiedenen Sprachen formen ein vertikales Mosaik des Wortes \u201eLiebe\u201c und erzeugen eine taktile, geschichtete Komposition, die je nach Blickwinkel changiert und das Licht wie ein filigranes Silberrelief einf\u00e4ngt.<\/p>\n<p>&nbsp;<\/p>\n<p style=\"font-size: 14px;\">Gefertigt aus 925er Sterlingsilber und einzeln von Hand veredelt, bewahrt der Anh\u00e4nger die klaren Konturen und die schwebende Struktur jedes einzelnen Buchstabens. Die komplexen, \u00fcberlappenden Formen erfordern \u00e4u\u00dferst sorgf\u00e4ltige Nachbearbeitung, um die pr\u00e4zise Dreidimensionalit\u00e4t und die sauberen Reflexionen zu erhalten, die die Heart Song-\u00c4sthetik ausmachen \u2014 Details, die mit herk\u00f6mmlichen Gussverfahren nicht zu erzielen sind.<\/p>\n<p>&nbsp;<\/p>\n<p style=\"font-size: 14px;\">Das Ergebnis ist ein ausdrucksstarker, charaktervoller Anh\u00e4nger mit sp\u00fcrbarer Tiefe und Pr\u00e4senz. Die kompakte rechteckige Silhouette harmoniert gleicherma\u00dfen mit eleganten wie l\u00e4ssigen Outfits, w\u00e4hrend das Spiel aus Licht und Schatten \u00fcber den erhabenen Buchstaben dem Anh\u00e4nger eine dynamische, erz\u00e4hlerische Wirkung verleiht.<\/p>\n<p>&nbsp;<\/p>\n<p style=\"font-size: 14px;\">Die rhodinierte Sterlingsilberkette erh\u00f6ht die Haltbarkeit, sorgt langfristig f\u00fcr brillanten Glanz und erg\u00e4nzt den skulpturalen Anh\u00e4nger mit einem feinen, modernen Kontrast. Gemeinsam entstehen ein zeitgem\u00e4\u00dfes Accessoire, das Handwerkskunst, Emotion und modernes Design vereint.<\/p>\n<p>&nbsp;<\/p>\n<p style=\"font-size: 14px;\">Als Erg\u00e4nzung zur Heart Song-Uhr tr\u00e4gt der Anh\u00e4nger dieselbe symbolische und visuelle Identit\u00e4t \u2014 ein harmonisches Set f\u00fcr alle, die m\u00f6chten, dass Schmuck und Uhr eine gemeinsame Botschaft von Liebe, Kreativit\u00e4t und pers\u00f6nlicher Bedeutung ausdr\u00fccken.<\/p>","protected":false},"excerpt":{"rendered":"<p>&nbsp; &nbsp; Inspired by the poetic three-dimensional typography of the Heart Song watch dial, this pendant transforms its sculptural language into a refined piece of wearable art. Dozens of raised letters in multiple languages form a vertical mosaic of \u201clove,\u201d creating a tactile, layered composition that shifts with every angle and catches the light like [&hellip;]<\/p>\n","protected":false},"featured_media":8638,"template":"","meta":{"_acf_changed":false,"_mo_disable_npp":""},"product_brand":[],"product_cat":[18],"product_tag":[],"class_list":{"0":"post-5021","1":"product","2":"type-product","3":"status-publish","4":"has-post-thumbnail","6":"product_cat-jewelry","8":"first","9":"instock","10":"taxable","11":"shipping-taxable","12":"purchasable","13":"product-type-simple"},"acf":[],"_links":{"self":[{"href":"https:\/\/www.volumenzeit.com\/de\/wp-json\/wp\/v2\/product\/5021","targetHints":{"allow":["GET"]}}],"collection":[{"href":"https:\/\/www.volumenzeit.com\/de\/wp-json\/wp\/v2\/product"}],"about":[{"href":"https:\/\/www.volumenzeit.com\/de\/wp-json\/wp\/v2\/types\/product"}],"wp:featuredmedia":[{"embeddable":true,"href":"https:\/\/www.volumenzeit.com\/de\/wp-json\/wp\/v2\/media\/8638"}],"wp:attachment":[{"href":"https:\/\/www.volumenzeit.com\/de\/wp-json\/wp\/v2\/media?parent=5021"}],"wp:term":[{"taxonomy":"product_brand","embeddable":true,"href":"https:\/\/www.volumenzeit.com\/de\/wp-json\/wp\/v2\/product_brand?post=5021"},{"taxonomy":"product_cat","embeddable":true,"href":"https:\/\/www.volumenzeit.com\/de\/wp-json\/wp\/v2\/product_cat?post=5021"},{"taxonomy":"product_tag","embeddable":true,"href":"https:\/\/www.volumenzeit.com\/de\/wp-json\/wp\/v2\/product_tag?post=5021"}],"curies":[{"name":"wp","href":"https:\/\/api.w.org\/{rel}","templated":true}]}}