{"id":6747,"date":"2024-08-08T16:32:37","date_gmt":"2024-08-08T13:32:37","guid":{"rendered":"https:\/\/www.volumenzeit.com\/?page_id=6747"},"modified":"2026-01-26T14:44:03","modified_gmt":"2026-01-26T11:44:03","slug":"impressum","status":"publish","type":"page","link":"https:\/\/www.volumenzeit.com\/de\/impressum\/","title":{"rendered":"Impressum"},"content":{"rendered":"<h3>Angaben gem\u00e4\u00df \u00a7 5 DDG<\/h3>\n<p>Dmitrii Vorontsov<br \/>\nKienestra\u00dfe 1<br \/>\n80933 M\u00fcnchen<br \/>\nDeutschland<\/p>\n<h3>Kontakt<\/h3>\n<p>Phone: (+49) 089 69314282<br \/>\nE-mail: info@volumenzeit.com<\/p>\n<h3>Verantwortlich f\u00fcr den Inhalt nach \u00a7 18 Abs. 2 MStV<\/h3>\n<p>Dmitrii Vorontsov, Adresse wie oben<\/p>\n<h3>Marke<\/h3>\n<p>Die Wortmarke \u201eVOLUMENZEIT\u201c ist eine eingetragene Unionsmarke beim Amt der Europ\u00e4ischen Union f\u00fcr geistiges Eigentum (EUIPO).<\/p>\n<h3>Hinweise nach dem Batteriegesetz (BattG)<\/h3>\n<p>Wir erf\u00fcllen die gesetzlichen Pflichten gem\u00e4\u00df Batteriegesetz (BattG), einschlie\u00dflich der R\u00fccknahme- und Informationspflichten f\u00fcr Batterien und akkubetriebene Produkte.<\/p>\n<h3>Hinweise nach dem Verpackungsgesetz (VerpackG)<\/h3>\n<p>Wir erf\u00fcllen die Anforderungen des Verpackungsgesetzes und sind zur Teilnahme an einem dualen System verpflichtet.<\/p>\n<h3>Verbraucherstreitbeilegung<\/h3>\n<p>Wir sind nicht verpflichtet und nicht bereit, an Streitbeilegungsverfahren vor einer Verbraucherschlichtungsstelle teilzunehmen.<\/p>","protected":false},"excerpt":{"rendered":"<p>Information according to \u00a7 5 German Digital Services Act (DDG) Dmitrii Vorontsov Kienestrasse 1 80933 Munich Germany Contact Phone: (+49) 089 69314282 E-mail: info@volumenzeit.com Person responsible for editorial content according to \u00a7 18 (2) MStV Dmitrii Vorontsov, same address as above. Trademark The word mark \u201cVOLUMENZEIT\u201d is a registered European Union trademark at the European [&hellip;]<\/p>\n","protected":false},"author":14,"featured_media":0,"parent":0,"menu_order":0,"comment_status":"closed","ping_status":"closed","template":"","meta":{"_acf_changed":false,"_mo_disable_npp":"","footnotes":""},"class_list":["post-6747","page","type-page","status-publish","hentry"],"acf":[],"_links":{"self":[{"href":"https:\/\/www.volumenzeit.com\/de\/wp-json\/wp\/v2\/pages\/6747","targetHints":{"allow":["GET"]}}],"collection":[{"href":"https:\/\/www.volumenzeit.com\/de\/wp-json\/wp\/v2\/pages"}],"about":[{"href":"https:\/\/www.volumenzeit.com\/de\/wp-json\/wp\/v2\/types\/page"}],"author":[{"embeddable":true,"href":"https:\/\/www.volumenzeit.com\/de\/wp-json\/wp\/v2\/users\/14"}],"replies":[{"embeddable":true,"href":"https:\/\/www.volumenzeit.com\/de\/wp-json\/wp\/v2\/comments?post=6747"}],"version-history":[{"count":12,"href":"https:\/\/www.volumenzeit.com\/de\/wp-json\/wp\/v2\/pages\/6747\/revisions"}],"predecessor-version":[{"id":12851,"href":"https:\/\/www.volumenzeit.com\/de\/wp-json\/wp\/v2\/pages\/6747\/revisions\/12851"}],"wp:attachment":[{"href":"https:\/\/www.volumenzeit.com\/de\/wp-json\/wp\/v2\/media?parent=6747"}],"curies":[{"name":"wp","href":"https:\/\/api.w.org\/{rel}","templated":true}]}}