{"id":3681,"date":"2024-02-28T00:22:04","date_gmt":"2024-02-27T21:22:04","guid":{"rendered":"https:\/\/www.volumenzeit.com\/?page_id=3681"},"modified":"2026-03-12T01:03:20","modified_gmt":"2026-03-11T22:03:20","slug":"cookie-policy","status":"publish","type":"page","link":"https:\/\/www.volumenzeit.com\/de\/cookie-policy\/","title":{"rendered":"Cookie-Richtlinie"},"content":{"rendered":"<p data-start=\"1847\" data-end=\"1882\"><strong>Verwaltung Ihrer Cookie-Einstellungen<\/strong><\/p>\n<p data-start=\"1847\" data-end=\"1882\"><a class=\"cmplz-show-banner\" href=\"#\">Cookie-Einstellungen<\/a><\/p>\n<hr \/>\n<p>&nbsp;<\/p>\n<p data-start=\"1847\" data-end=\"1882\"><span style=\"font-size: 22px;\"><strong>Willkommen bei Volumenzeit Watches<\/strong><\/span><\/p>\n<p data-start=\"1884\" data-end=\"2010\">Diese Cookie-Richtlinie erkl\u00e4rt, wie und warum Cookies und \u00e4hnliche Technologien verwendet werden, wenn Sie unsere Website besuchen oder mit ihr interagieren:<\/p>\n<p data-start=\"2012\" data-end=\"2035\"><a class=\"decorated-link\" href=\"https:\/\/www.volumenzeit.com\/de\/\" target=\"_new\" rel=\"noopener\" data-start=\"2012\" data-end=\"2035\">https:\/\/volumenzeit.com<\/a><\/p>\n<p data-start=\"2037\" data-end=\"2120\">Diese Richtlinie sollte zusammen mit unserer Datenschutzerkl\u00e4rung sowie unseren Allgemeinen Gesch\u00e4ftsbedingungen gelesen werden.<\/p>\n<h1 data-section-id=\"vqfest\" data-start=\"2127\" data-end=\"2149\"><strong>1. Was sind Cookies?<\/strong><\/h1>\n<p data-start=\"2151\" data-end=\"2357\">Cookies sind kleine Textdateien, die auf Ihrem Computer, Smartphone oder einem anderen Ger\u00e4t gespeichert werden, wenn Sie eine Website besuchen. Sie erm\u00f6glichen es der Website, Ihr Ger\u00e4t wiederzuerkennen und bestimmte Informationen \u00fcber Ihren Besuch zu speichern.<\/p>\n<p data-start=\"2359\" data-end=\"2519\">Cookies werden h\u00e4ufig verwendet, um sicherzustellen, dass Websites ordnungsgem\u00e4\u00df funktionieren, die Benutzererfahrung zu verbessern und analytische Einblicke dar\u00fcber zu erhalten, wie Besucher mit der Website interagieren.<\/p>\n<p data-start=\"2521\" data-end=\"2645\">Einige Cookies sind f\u00fcr den Betrieb der Website erforderlich, w\u00e4hrend andere uns helfen, die Nutzung zu analysieren oder relevante Inhalte bereitzustellen.<\/p>\n<h1 data-section-id=\"1f74w18\" data-start=\"2652\" data-end=\"2675\"><strong>2. Wie wir Cookies verwenden<\/strong><\/h1>\n<p data-start=\"2677\" data-end=\"2713\">Volumenzeit Watches verwendet Cookies, um:<\/p>\n<p data-start=\"2717\" data-end=\"2757\">\u2013 sicherzustellen, dass die Website korrekt funktioniert;<br \/>\n\u2013 sichere Sitzungen und die Funktionalit\u00e4t des Warenkorbs aufrechtzuerhalten;<br \/>\n\u2013 Benutzereinstellungen wie Sprache oder andere Einstellungen zu speichern;<br \/>\n\u2013 die Leistung und Benutzerfreundlichkeit der Website zu verbessern;<br \/>\n\u2013 zu verstehen, wie Besucher mit der Website interagieren;<br \/>\n\u2013 die Wirksamkeit von Marketing- und Werbema\u00dfnahmen zu messen;<\/p>\n<p data-start=\"3036\" data-end=\"3182\">Nicht unbedingt erforderliche Cookies werden nur verwendet, nachdem Sie Ihre Einwilligung \u00fcber das Cookie-Banner erteilt haben, das beim ersten Besuch der Website angezeigt wird.<\/p>\n<h1 data-section-id=\"1qec3un\" data-start=\"3189\" data-end=\"3217\"><strong>3. Arten von Cookies, die wir verwenden<\/strong><\/h1>\n<h2 data-section-id=\"15icrez\" data-start=\"3219\" data-end=\"3248\"><strong>Unbedingt erforderliche Cookies<\/strong><\/h2>\n<p data-start=\"3250\" data-end=\"3449\">Diese Cookies sind f\u00fcr den Betrieb der Website unerl\u00e4sslich. Ohne diese Cookies k\u00f6nnen Dienste wie sichere Anmeldung, Warenk\u00f6rbe, Zahlungsabwicklung oder die Verwaltung Ihrer Einwilligung nicht ordnungsgem\u00e4\u00df funktionieren.<\/p>\n<p data-start=\"3451\" data-end=\"3493\">Diese Cookies erfordern keine Einwilligung.<\/p>\n<h2 data-section-id=\"ntv1wd\" data-start=\"3500\" data-end=\"3521\"><strong>Funktionale Cookies<\/strong><\/h2>\n<p data-start=\"3523\" data-end=\"3644\">Funktionale Cookies erm\u00f6glichen es der Website, von Ihnen getroffene Entscheidungen zu speichern und erweiterte Funktionen sowie eine personalisierte Nutzung bereitzustellen.<\/p>\n<h2 data-section-id=\"74nbs4\" data-start=\"3651\" data-end=\"3671\"><strong>Analyse-Cookies<\/strong><\/h2>\n<p data-start=\"3673\" data-end=\"3783\">Analyse-Cookies helfen uns zu verstehen, wie Besucher mit der Website interagieren, indem sie Informationen sammeln wie:<\/p>\n<p data-start=\"3787\" data-end=\"3802\">\u2013 besuchte Seiten;<br \/>\n\u2013 Verweildauer auf einzelnen Seiten;<br \/>\n\u2013 Navigationsverhalten.<\/p>\n<p data-start=\"3853\" data-end=\"3932\">Diese Informationen helfen uns, die Benutzerfreundlichkeit und Leistung der Website zu verbessern.<\/p>\n<p data-start=\"3934\" data-end=\"3981\">Diese Cookies werden nur nach Ihrer Einwilligung aktiviert.<\/p>\n<h2 data-section-id=\"1xt2906\" data-start=\"3988\" data-end=\"4008\"><strong>Marketing-Cookies<\/strong><\/h2>\n<p data-start=\"4010\" data-end=\"4154\">Marketing-Cookies k\u00f6nnen verwendet werden, um Werbung anzuzeigen, die f\u00fcr Ihre Interessen relevant ist, und um die Wirksamkeit von Marketingkampagnen zu messen.<\/p>\n<p data-start=\"4156\" data-end=\"4255\">Diese Cookies k\u00f6nnen von vertrauensw\u00fcrdigen Drittanbietern gesetzt werden und werden nur nach Ihrer Einwilligung aktiviert.<\/p>\n<h1 data-section-id=\"117k757\" data-start=\"4262\" data-end=\"4286\"><strong>4. Cookies von Drittanbietern<\/strong><\/h1>\n<p data-start=\"4288\" data-end=\"4421\">Einige Cookies k\u00f6nnen von Drittanbietern gesetzt werden, die die Funktionalit\u00e4t, Analyse oder Marketingaktivit\u00e4ten unserer Website unterst\u00fctzen.<\/p>\n<p data-start=\"4423\" data-end=\"4515\">Diese Drittanbieter k\u00f6nnen bestimmte Informationen gem\u00e4\u00df ihren eigenen Datenschutzrichtlinien verarbeiten.<\/p>\n<p data-start=\"4517\" data-end=\"4589\">Nicht unbedingt erforderliche Cookies von Drittanbietern werden nur nach Ihrer Einwilligung aktiviert.<\/p>\n<h1 data-section-id=\"hknzt0\" data-start=\"4596\" data-end=\"4633\"><strong>5. Verwaltung Ihrer Cookie-Einstellungen<\/strong><\/h1>\n<p data-start=\"4635\" data-end=\"4767\">Sie k\u00f6nnen Ihre Cookie-Einstellungen \u00fcber das Cookie-Banner akzeptieren, ablehnen oder individuell anpassen, wenn Sie die Website zum ersten Mal besuchen.<\/p>\n<p data-start=\"4769\" data-end=\"4882\">Sie k\u00f6nnen Ihre Einwilligung jederzeit \u00e4ndern oder widerrufen, indem Sie die auf dieser Website verf\u00fcgbaren Cookie-Einstellungen verwenden.<\/p>\n<p><a class=\"cmplz-show-banner\" href=\"#\">Cookie-Einstellungen<\/a><\/p>\n<h1 data-section-id=\"qlsu0b\" data-start=\"4930\" data-end=\"4972\"><strong>6. Verwaltung von Cookies \u00fcber Ihren Browser<\/strong><\/h1>\n<p data-start=\"4974\" data-end=\"5044\">Die meisten Webbrowser erm\u00f6glichen es Ihnen, Cookies \u00fcber ihre Einstellungen zu verwalten.<\/p>\n<p data-start=\"5046\" data-end=\"5062\">In der Regel k\u00f6nnen Sie:<\/p>\n<p data-start=\"5066\" data-end=\"5087\">\u2013 gespeicherte Cookies anzeigen;<br \/>\n\u2013 Cookies l\u00f6schen;<br \/>\n\u2013 Cookies blockieren;<br \/>\n\u2013 Benachrichtigungen erhalten, wenn Cookies gesetzt werden.<\/p>\n<p data-start=\"5173\" data-end=\"5241\">Weitere Informationen finden Sie im Hilfebereich Ihres Browsers:<\/p>\n<p data-start=\"5243\" data-end=\"5292\">Google Chrome<br data-start=\"5256\" data-end=\"5259\" \/><a class=\"decorated-link\" href=\"https:\/\/support.google.com\/chrome\" target=\"_new\" rel=\"noopener\" data-start=\"5259\" data-end=\"5292\">https:\/\/support.google.com\/chrome<\/a><\/p>\n<p data-start=\"5294\" data-end=\"5339\">Mozilla Firefox<br data-start=\"5309\" data-end=\"5312\" \/><a class=\"decorated-link\" href=\"https:\/\/support.mozilla.org\" target=\"_new\" rel=\"noopener\" data-start=\"5312\" data-end=\"5339\">https:\/\/support.mozilla.org<\/a><\/p>\n<p data-start=\"5341\" data-end=\"5388\">Apple Safari<br data-start=\"5353\" data-end=\"5356\" \/><a class=\"decorated-link\" href=\"https:\/\/support.apple.com\/safari\" target=\"_new\" rel=\"noopener\" data-start=\"5356\" data-end=\"5388\">https:\/\/support.apple.com\/safari<\/a><\/p>\n<p data-start=\"5390\" data-end=\"5451\">Microsoft Edge<br data-start=\"5404\" data-end=\"5407\" \/><a class=\"decorated-link cursor-pointer\" target=\"_new\" rel=\"noopener\" data-start=\"5407\" data-end=\"5451\">https:\/\/support.microsoft.com\/microsoft-edge<\/a><\/p>\n<p data-start=\"5453\" data-end=\"5539\">Bitte beachten Sie, dass das Blockieren bestimmter Cookies die Funktionalit\u00e4t der Website beeintr\u00e4chtigen kann.<\/p>\n<h1 data-section-id=\"197yk4k\" data-start=\"5546\" data-end=\"5580\"><strong>7. Aktualisierungen dieser Cookie-Richtlinie<\/strong><\/h1>\n<p data-start=\"5582\" data-end=\"5712\">Wir k\u00f6nnen diese Cookie-Richtlinie von Zeit zu Zeit aktualisieren, um \u00c4nderungen in rechtlichen Anforderungen, Technologien oder der Funktionalit\u00e4t unserer Website zu ber\u00fccksichtigen.<\/p>\n<p data-start=\"5714\" data-end=\"5787\">Alle Aktualisierungen werden auf dieser Seite mit einem aktualisierten \u00c4nderungsdatum ver\u00f6ffentlicht.<\/p>\n<h1 data-section-id=\"107l0ls\" data-start=\"5794\" data-end=\"5806\"><strong>8. Kontakt<\/strong><\/h1>\n<p data-start=\"5808\" data-end=\"5908\">Wenn Sie Fragen zu dieser Cookie-Richtlinie oder zur Verwendung von Cookies auf unserer Website haben, kontaktieren Sie bitte:<\/p>\n<p data-start=\"5910\" data-end=\"5959\">Volumenzeit Watches<br data-start=\"5929\" data-end=\"5932\" \/>Email: <a class=\"decorated-link cursor-pointer\" rel=\"noopener\" data-start=\"5939\" data-end=\"5959\">info@volumenzeit.com<\/a><\/p>\n<p data-start=\"5910\" data-end=\"5959\"><strong data-start=\"1817\" data-end=\"1845\">Zuletzt aktualisiert: M\u00e4rz 2026<\/strong><\/p>","protected":false},"excerpt":{"rendered":"<p>Managing your cookie preferences Cookie settings &nbsp; Welcome to Volumenzeit Watches This Cookie Policy explains how and why cookies and similar technologies are used when you visit or interact with our website: https:\/\/volumenzeit.com This policy should be read together with our Privacy Policy and Terms &amp; Conditions. 1. What are cookies? Cookies are small text [&hellip;]<\/p>\n","protected":false},"author":14,"featured_media":0,"parent":0,"menu_order":0,"comment_status":"closed","ping_status":"closed","template":"","meta":{"_acf_changed":false,"_mo_disable_npp":"","footnotes":""},"class_list":["post-3681","page","type-page","status-publish","hentry"],"acf":[],"_links":{"self":[{"href":"https:\/\/www.volumenzeit.com\/de\/wp-json\/wp\/v2\/pages\/3681","targetHints":{"allow":["GET"]}}],"collection":[{"href":"https:\/\/www.volumenzeit.com\/de\/wp-json\/wp\/v2\/pages"}],"about":[{"href":"https:\/\/www.volumenzeit.com\/de\/wp-json\/wp\/v2\/types\/page"}],"author":[{"embeddable":true,"href":"https:\/\/www.volumenzeit.com\/de\/wp-json\/wp\/v2\/users\/14"}],"replies":[{"embeddable":true,"href":"https:\/\/www.volumenzeit.com\/de\/wp-json\/wp\/v2\/comments?post=3681"}],"version-history":[{"count":6,"href":"https:\/\/www.volumenzeit.com\/de\/wp-json\/wp\/v2\/pages\/3681\/revisions"}],"predecessor-version":[{"id":13018,"href":"https:\/\/www.volumenzeit.com\/de\/wp-json\/wp\/v2\/pages\/3681\/revisions\/13018"}],"wp:attachment":[{"href":"https:\/\/www.volumenzeit.com\/de\/wp-json\/wp\/v2\/media?parent=3681"}],"curies":[{"name":"wp","href":"https:\/\/api.w.org\/{rel}","templated":true}]}}