{"id":10,"date":"2023-07-25T10:18:01","date_gmt":"2023-07-25T07:18:01","guid":{"rendered":"http:\/\/sw654amn.ru\/?page_id=10"},"modified":"2026-01-22T13:38:28","modified_gmt":"2026-01-22T10:38:28","slug":"withdrawal_policy","status":"publish","type":"page","link":"https:\/\/www.volumenzeit.com\/de\/withdrawal_policy\/","title":{"rendered":"Widerruf"},"content":{"rendered":"<h3 data-start=\"1382\" data-end=\"1419\">Widerrufsrecht<\/h3>\r\n<p data-start=\"1421\" data-end=\"1553\">Verbraucher im Sinne des \u00a7 13 BGB haben das Recht, binnen 14 Tagen ohne Angabe von Gr\u00fcnden diesen Vertrag zu widerrufen.<\/p>\r\n<p data-start=\"1555\" data-end=\"1708\">Die Widerrufsfrist betr\u00e4gt 14 Tage ab dem Tag, an dem Sie oder ein von Ihnen benannter Dritter, der nicht Bef\u00f6rderer ist, die Waren in Besitz genommen haben.<\/p>\r\n<hr data-start=\"1710\" data-end=\"1713\" \/>\r\n<h3 data-start=\"1715\" data-end=\"1757\">Aus\u00fcbung des Widerrufsrechts<\/h3>\r\n<p data-start=\"1759\" data-end=\"2011\">Um Ihr Widerrufsrecht auszu\u00fcben, m\u00fcssen Sie uns<br data-start=\"1815\" data-end=\"1818\" \/>(<strong data-start=\"1819\" data-end=\"1911\">(Dmitrii Vorontsov, Kienestrasse 1, 80933 M\u00fcnchen, Deutschland,<br data-start=\"1878\" data-end=\"1881\" \/>E-mail: <a class=\"decorated-link cursor-pointer\" rel=\"noopener\" data-start=\"1889\" data-end=\"1909\">info@volumenzeit.com<\/a><\/strong>)<br data-start=\"1912\" data-end=\"1915\" \/>mittels einer eindeutigen Erkl\u00e4rung (z. B. per E-Mail oder Brief) \u00fcber Ihren Entschluss, diesen Vertrag zu widerrufen, informieren.<\/p>\r\n<hr data-start=\"2013\" data-end=\"2016\" \/>\r\n<h3 data-start=\"2018\" data-end=\"2047\">Folgen des Widerrufs<\/h3>\r\n<p data-start=\"2049\" data-end=\"2243\">Wenn Sie diesen Vertrag widerrufen, erstatten wir Ihnen alle Zahlungen, die wir von Ihnen erhalten haben, unverz\u00fcglich und sp\u00e4testens binnen 14 Tagen ab dem Tag, an dem die Mitteilung \u00fcber Ihren Widerruf dieses Vertrags bei uns eingegangen ist.<\/p>\r\n<p data-start=\"2245\" data-end=\"2406\">Wir k\u00f6nnen die R\u00fcckzahlung verweigern, bis wir die Waren wieder zur\u00fcckerhalten haben oder bis Sie den Nachweis erbracht haben, dass Sie die Waren zur\u00fcckgesandt haben, je nachdem, welches der fr\u00fchere Zeitpunkt ist.\u00a0<\/p>\r\n<p data-start=\"2408\" data-end=\"2536\">F\u00fcr diese R\u00fcckzahlung verwenden wir dasselbe Zahlungsmittel, das Sie bei der urspr\u00fcnglichen Transaktion eingesetzt haben, es sei denn, mit Ihnen wurde ausdr\u00fccklich etwas anderes vereinbart.<\/p>\r\n<p data-start=\"2538\" data-end=\"2732\">Sie haben die Waren unverz\u00fcglich und in jedem Fall sp\u00e4testens binnen 14 Tagen ab dem Tag, an dem Sie uns \u00fcber den Widerruf dieses Vertrags unterrichten, an uns zur\u00fcckzusenden oder zu \u00fcbergeben.\u00a0<\/p>\r\n<p data-start=\"2734\" data-end=\"2790\">Sie tragen die unmittelbaren Kosten der R\u00fccksendung der Waren.\u00a0<\/p>\r\n<hr data-start=\"2792\" data-end=\"2795\" \/>\r\n<h3 data-start=\"2797\" data-end=\"2882\">Ausschluss und Einschr\u00e4nkung des Widerrufsrechts bei personalisierten Produkten<\/h3>\r\n<p data-start=\"2884\" data-end=\"3043\">Das Widerrufsrecht besteht nicht bei Vertr\u00e4gen zur Lieferung von Waren, die nach Kundenspezifikation angefertigt oder eindeutig auf die pers\u00f6nlichen Bed\u00fcrfnisse des Verbrauchers zugeschnitten sind, insbesondere bei gravierten Uhren.<\/p>\r\n<p data-start=\"3045\" data-end=\"3192\">Wurde ausschlie\u00dflich das Uhrenarmband personalisiert oder graviert, bleibt das Widerrufsrecht hinsichtlich der nicht personalisierten Uhr bestehen.<\/p>\r\n<p data-start=\"3194\" data-end=\"3466\">In diesem Fall ist das personalisierte bzw. gravierte Armband einschlie\u00dflich der Gravurleistung von der R\u00fcckgabe ausgeschlossen.<br data-start=\"3305\" data-end=\"3308\" \/>Bei Aus\u00fcbung des Widerrufs erstatten wir den Kaufpreis der Uhr abz\u00fcglich des Werts des personalisierten Armbands sowie der Kosten der Gravur.<\/p>\r\n<p data-start=\"3468\" data-end=\"3675\">Die H\u00f6he des Abzugs richtet sich nach dem zum Zeitpunkt der Bestellung g\u00fcltigen Preisverzeichnis f\u00fcr Armb\u00e4nder und Gravurleistungen.\nDer Abzug ist auf den tats\u00e4chlichen Wert der personalisierten Bestandteile und der Gravurleistung beschr\u00e4nkt.<\/p>\r\n<hr data-start=\"3677\" data-end=\"3680\" \/>\r\n<h3 data-start=\"3682\" data-end=\"3697\">Kontakt<\/h3>\r\n<p data-start=\"3699\" data-end=\"3807\">Bei Fragen zum Widerrufsrecht oder zur R\u00fcckabwicklung wenden Sie sich bitte an:<br data-start=\"3780\" data-end=\"3783\" \/><strong data-start=\"3783\" data-end=\"3807\"><a class=\"decorated-link cursor-pointer\" rel=\"noopener\" data-start=\"3785\" data-end=\"3805\">info@volumenzeit.com<\/a><\/strong><\/p>","protected":false},"excerpt":{"rendered":"<p>Statutory Right of Withdrawal Consumers within the meaning of \u00a7 13 BGB have the right to withdraw from this contract within 14 days without giving any reason. The withdrawal period is 14 days from the day on which you or a third party designated by you, other than the carrier, takes possession of the goods. [&hellip;]<\/p>\n","protected":false},"author":8,"featured_media":0,"parent":0,"menu_order":0,"comment_status":"closed","ping_status":"closed","template":"","meta":{"_acf_changed":false,"_mo_disable_npp":"","footnotes":""},"class_list":["post-10","page","type-page","status-publish","hentry"],"acf":[],"_links":{"self":[{"href":"https:\/\/www.volumenzeit.com\/de\/wp-json\/wp\/v2\/pages\/10","targetHints":{"allow":["GET"]}}],"collection":[{"href":"https:\/\/www.volumenzeit.com\/de\/wp-json\/wp\/v2\/pages"}],"about":[{"href":"https:\/\/www.volumenzeit.com\/de\/wp-json\/wp\/v2\/types\/page"}],"author":[{"embeddable":true,"href":"https:\/\/www.volumenzeit.com\/de\/wp-json\/wp\/v2\/users\/8"}],"replies":[{"embeddable":true,"href":"https:\/\/www.volumenzeit.com\/de\/wp-json\/wp\/v2\/comments?post=10"}],"version-history":[{"count":3,"href":"https:\/\/www.volumenzeit.com\/de\/wp-json\/wp\/v2\/pages\/10\/revisions"}],"predecessor-version":[{"id":12841,"href":"https:\/\/www.volumenzeit.com\/de\/wp-json\/wp\/v2\/pages\/10\/revisions\/12841"}],"wp:attachment":[{"href":"https:\/\/www.volumenzeit.com\/de\/wp-json\/wp\/v2\/media?parent=10"}],"curies":[{"name":"wp","href":"https:\/\/api.w.org\/{rel}","templated":true}]}}